{"id":1888,"date":"2023-11-04T13:45:23","date_gmt":"2023-11-04T13:45:23","guid":{"rendered":"https:\/\/www.yanginakademisi.com.tr\/egitim\/?page_id=1888"},"modified":"2023-11-04T13:49:21","modified_gmt":"2023-11-04T13:49:21","slug":"yangin-nasil-olusur","status":"publish","type":"page","link":"https:\/\/www.yanginakademisi.com.tr\/egitim\/yangin-nasil-olusur\/","title":{"rendered":"Yang\u0131n Nas\u0131l Olu\u015fur?"},"content":{"rendered":"\t\t<div data-elementor-type=\"wp-page\" data-elementor-id=\"1888\" class=\"elementor elementor-1888\">\n\t\t\t\t\t\t<section class=\"elementor-section elementor-top-section elementor-element elementor-element-359c6e1 elementor-section-boxed elementor-section-height-default elementor-section-height-default\" data-id=\"359c6e1\" data-element_type=\"section\">\n\t\t\t\t\t\t<div class=\"elementor-container elementor-column-gap-default\">\n\t\t\t\t\t<div class=\"elementor-column elementor-col-100 elementor-top-column elementor-element elementor-element-9f08525\" data-id=\"9f08525\" data-element_type=\"column\">\n\t\t\t<div class=\"elementor-widget-wrap elementor-element-populated\">\n\t\t\t\t\t\t<div class=\"elementor-element elementor-element-e6923c9 elementor-widget elementor-widget-spacer\" data-id=\"e6923c9\" data-element_type=\"widget\" data-widget_type=\"spacer.default\">\n\t\t\t\t<div class=\"elementor-widget-container\">\n\t\t\t\t\t\t\t<div class=\"elementor-spacer\">\n\t\t\t<div class=\"elementor-spacer-inner\"><\/div>\n\t\t<\/div>\n\t\t\t\t\t\t<\/div>\n\t\t\t\t<\/div>\n\t\t\t\t\t<\/div>\n\t\t<\/div>\n\t\t\t\t\t<\/div>\n\t\t<\/section>\n\t\t\t\t<section class=\"elementor-section elementor-top-section elementor-element elementor-element-7516b96 elementor-section-boxed elementor-section-height-default elementor-section-height-default\" data-id=\"7516b96\" data-element_type=\"section\" data-settings=\"{&quot;background_background&quot;:&quot;slideshow&quot;,&quot;background_slideshow_gallery&quot;:[],&quot;background_slideshow_loop&quot;:&quot;yes&quot;,&quot;background_slideshow_slide_duration&quot;:5000,&quot;background_slideshow_slide_transition&quot;:&quot;fade&quot;,&quot;background_slideshow_transition_duration&quot;:500}\">\n\t\t\t\t\t\t\t<div class=\"elementor-background-overlay\"><\/div>\n\t\t\t\t\t\t\t<div class=\"elementor-container elementor-column-gap-wider\">\n\t\t\t\t\t<div class=\"elementor-column elementor-col-100 elementor-top-column elementor-element elementor-element-2e664af\" data-id=\"2e664af\" data-element_type=\"column\">\n\t\t\t<div class=\"elementor-widget-wrap elementor-element-populated\">\n\t\t\t\t\t\t<div class=\"elementor-element elementor-element-793da04 elementor-widget elementor-widget-text-editor\" data-id=\"793da04\" data-element_type=\"widget\" data-widget_type=\"text-editor.default\">\n\t\t\t\t<div class=\"elementor-widget-container\">\n\t\t\t\t\t\t\t\t\t<h1><strong>Yang\u0131n Nas\u0131l Olu\u015fur<\/strong><\/h1>\t\t\t\t\t\t\t\t<\/div>\n\t\t\t\t<\/div>\n\t\t\t\t\t<\/div>\n\t\t<\/div>\n\t\t\t\t\t<\/div>\n\t\t<\/section>\n\t\t\t\t<section class=\"elementor-section elementor-top-section elementor-element elementor-element-fdfaad0 elementor-section-boxed elementor-section-height-default elementor-section-height-default\" data-id=\"fdfaad0\" data-element_type=\"section\">\n\t\t\t\t\t\t<div class=\"elementor-container elementor-column-gap-default\">\n\t\t\t\t\t<div class=\"elementor-column elementor-col-100 elementor-top-column elementor-element elementor-element-3d9bbd8\" data-id=\"3d9bbd8\" data-element_type=\"column\">\n\t\t\t<div class=\"elementor-widget-wrap elementor-element-populated\">\n\t\t\t\t\t\t<div class=\"elementor-element elementor-element-5d63753 elementor-widget elementor-widget-text-editor\" data-id=\"5d63753\" data-element_type=\"widget\" data-widget_type=\"text-editor.default\">\n\t\t\t\t<div class=\"elementor-widget-container\">\n\t\t\t\t\t\t\t\t\t<h2 style=\"text-align: center;\">Yang\u0131n Nas\u0131l Olu\u015fur?<img fetchpriority=\"high\" decoding=\"async\" class=\"aligncenter wp-image-1413 size-full\" src=\"http:\/\/www.yanginakademisi.com.tr\/egitim\/wp-content\/uploads\/2023\/09\/ileri-seviye-yangin-egitimi.jpeg\" alt=\"ileri-seviye-yangin-egitimi\" width=\"600\" height=\"400\" srcset=\"https:\/\/www.yanginakademisi.com.tr\/egitim\/wp-content\/uploads\/2023\/09\/ileri-seviye-yangin-egitimi.jpeg 600w, https:\/\/www.yanginakademisi.com.tr\/egitim\/wp-content\/uploads\/2023\/09\/ileri-seviye-yangin-egitimi-300x200.jpeg 300w\" sizes=\"(max-width: 600px) 100vw, 600px\" \/><\/h2><p dir=\"auto\" data-pm-slice=\"1 1 []\">Yang\u0131nlar, \u00e7evremizdeki do\u011fal ve yapay unsurlar\u0131n bir araya gelmesiyle ortaya \u00e7\u0131kan tehlikeli olaylard\u0131r. Bu blog yaz\u0131s\u0131nda, yang\u0131nlar\u0131n nas\u0131l olu\u015ftu\u011funu anlataca\u011f\u0131z ve bu konuda bilinmesi gereken \u00f6nemli noktalara de\u011finece\u011fiz.<\/p><p dir=\"auto\">Yang\u0131nlar\u0131n olu\u015fum s\u00fcreci karma\u015f\u0131k bir \u015fekilde ger\u00e7ekle\u015febilir. Genellikle \u00fc\u00e7 temel unsurun bir araya gelmesiyle yang\u0131n meydana gelir: yak\u0131c\u0131 madde, oksijen ve \u0131s\u0131. Yak\u0131c\u0131 madde, yanabilen herhangi bir malzeme olabilir &#8211; odun, ka\u011f\u0131t, plastik gibi. Oksijen ise havada bol miktarda bulunan bir gazd\u0131r ve yanman\u0131n devam etmesi i\u00e7in gereklidir. Is\u0131 ise yak\u0131c\u0131 maddenin ba\u015flang\u0131\u00e7ta alev almas\u0131n\u0131 sa\u011flayan enerji kayna\u011f\u0131d\u0131r.<\/p><p dir=\"auto\">Yang\u0131n\u0131n olu\u015fmas\u0131 i\u00e7in bu \u00fc\u00e7 unsurun ayn\u0131 anda bulunmas\u0131 gerekir. \u00d6rne\u011fin, bir sigara izmariti veya elektrik k\u0131v\u0131lc\u0131m\u0131 gibi k\u00fc\u00e7\u00fck bir \u0131s\u0131 kayna\u011f\u0131 yak\u0131c\u0131 maddeye temas etti\u011finde ve havada yeterli oksijen varsa yang\u0131n ba\u015flayabilir.<\/p><p dir=\"auto\">Ancak yang\u0131n\u0131n olu\u015fumu sadece bu basit fakt\u00f6rlere dayanmaz. Di\u011fer etkenler de rol oynayabilir. \u00d6rne\u011fin, r\u00fczgar h\u0131zl\u0131 yay\u0131lma \u015fans\u0131n\u0131 art\u0131rabilir veya yan\u0131c\u0131 maddelerin depoland\u0131\u011f\u0131 yerlerde patlamalara neden olabilir. Ayr\u0131ca, yang\u0131nlar\u0131n insan hatas\u0131, elektrik ar\u0131zalar\u0131 veya do\u011fal afetler gibi \u00e7e\u015fitli sebepleri de olabilir.<\/p><p dir=\"auto\">Yang\u0131nlar\u0131n nas\u0131l olu\u015ftu\u011funu anlamak, onlar\u0131 \u00f6nlemek ve etkili bir \u015fekilde m\u00fcdahale etmek i\u00e7in \u00f6nemlidir. Bu bilgiyi kullanarak yang\u0131n g\u00fcvenli\u011fi \u00f6nlemleri alabilir ve acil durumlarda do\u011fru ad\u0131mlar\u0131 atabilirsiniz.<\/p><p dir=\"auto\">Unutmay\u0131n, yang\u0131nlar h\u0131zla yay\u0131labilen ve b\u00fcy\u00fck zararlar verebilen olaylard\u0131r. \u00d6nleyici tedbirler almak ve bilin\u00e7li bir \u015fekilde hareket etmek hayati \u00f6neme sahiptir.<\/p><p dir=\"auto\">\u00a0<\/p><p dir=\"auto\">\u00a0<\/p><p><strong>\u00dcniversiteli Yang\u0131n Akademisi<\/strong><\/p>\t\t\t\t\t\t\t\t<\/div>\n\t\t\t\t<\/div>\n\t\t\t\t\t<\/div>\n\t\t<\/div>\n\t\t\t\t\t<\/div>\n\t\t<\/section>\n\t\t\t\t<\/div>\n\t\t","protected":false},"excerpt":{"rendered":"<p>Yang\u0131n Nas\u0131l Olu\u015fur Yang\u0131n Nas\u0131l Olu\u015fur? Yang\u0131nlar, \u00e7evremizdeki do\u011fal ve yapay unsurlar\u0131n bir araya gelmesiyle ortaya \u00e7\u0131kan tehlikeli olaylard\u0131r. Bu blog yaz\u0131s\u0131nda, yang\u0131nlar\u0131n nas\u0131l olu\u015ftu\u011funu anlataca\u011f\u0131z ve bu konuda bilinmesi gereken \u00f6nemli noktalara de\u011finece\u011fiz. Yang\u0131nlar\u0131n olu\u015fum s\u00fcreci karma\u015f\u0131k bir \u015fekilde ger\u00e7ekle\u015febilir. Genellikle \u00fc\u00e7 temel unsurun bir araya gelmesiyle yang\u0131n meydana gelir: yak\u0131c\u0131 madde, oksijen ve [&hellip;]<\/p>\n","protected":false},"author":1,"featured_media":0,"parent":0,"menu_order":0,"comment_status":"closed","ping_status":"closed","template":"elementor_header_footer","meta":{"footnotes":""},"class_list":["post-1888","page","type-page","status-publish","hentry"],"aioseo_notices":[],"acf":[],"_links":{"self":[{"href":"https:\/\/www.yanginakademisi.com.tr\/egitim\/wp-json\/wp\/v2\/pages\/1888","targetHints":{"allow":["GET"]}}],"collection":[{"href":"https:\/\/www.yanginakademisi.com.tr\/egitim\/wp-json\/wp\/v2\/pages"}],"about":[{"href":"https:\/\/www.yanginakademisi.com.tr\/egitim\/wp-json\/wp\/v2\/types\/page"}],"author":[{"embeddable":true,"href":"https:\/\/www.yanginakademisi.com.tr\/egitim\/wp-json\/wp\/v2\/users\/1"}],"replies":[{"embeddable":true,"href":"https:\/\/www.yanginakademisi.com.tr\/egitim\/wp-json\/wp\/v2\/comments?post=1888"}],"version-history":[{"count":4,"href":"https:\/\/www.yanginakademisi.com.tr\/egitim\/wp-json\/wp\/v2\/pages\/1888\/revisions"}],"predecessor-version":[{"id":1892,"href":"https:\/\/www.yanginakademisi.com.tr\/egitim\/wp-json\/wp\/v2\/pages\/1888\/revisions\/1892"}],"wp:attachment":[{"href":"https:\/\/www.yanginakademisi.com.tr\/egitim\/wp-json\/wp\/v2\/media?parent=1888"}],"curies":[{"name":"wp","href":"https:\/\/api.w.org\/{rel}","templated":true}]}}