{"id":1878,"date":"2023-11-04T13:02:39","date_gmt":"2023-11-04T13:02:39","guid":{"rendered":"https:\/\/www.yanginakademisi.com.tr\/egitim\/?page_id=1878"},"modified":"2023-11-04T13:42:43","modified_gmt":"2023-11-04T13:42:43","slug":"mutfak-yanginlari","status":"publish","type":"page","link":"https:\/\/www.yanginakademisi.com.tr\/egitim\/mutfak-yanginlari\/","title":{"rendered":"Mutfak Yang\u0131nlar\u0131"},"content":{"rendered":"\t\t<div data-elementor-type=\"wp-page\" data-elementor-id=\"1878\" class=\"elementor elementor-1878\">\n\t\t\t\t\t\t<section class=\"elementor-section elementor-top-section elementor-element elementor-element-223c7bb elementor-section-boxed elementor-section-height-default elementor-section-height-default\" data-id=\"223c7bb\" data-element_type=\"section\">\n\t\t\t\t\t\t<div class=\"elementor-container elementor-column-gap-default\">\n\t\t\t\t\t<div class=\"elementor-column elementor-col-100 elementor-top-column elementor-element elementor-element-9c7df4a\" data-id=\"9c7df4a\" data-element_type=\"column\">\n\t\t\t<div class=\"elementor-widget-wrap elementor-element-populated\">\n\t\t\t\t\t\t<div class=\"elementor-element elementor-element-546d1bd elementor-widget elementor-widget-spacer\" data-id=\"546d1bd\" data-element_type=\"widget\" data-widget_type=\"spacer.default\">\n\t\t\t\t<div class=\"elementor-widget-container\">\n\t\t\t\t\t\t\t<div class=\"elementor-spacer\">\n\t\t\t<div class=\"elementor-spacer-inner\"><\/div>\n\t\t<\/div>\n\t\t\t\t\t\t<\/div>\n\t\t\t\t<\/div>\n\t\t\t\t\t<\/div>\n\t\t<\/div>\n\t\t\t\t\t<\/div>\n\t\t<\/section>\n\t\t\t\t<section class=\"elementor-section elementor-top-section elementor-element elementor-element-c665d3d elementor-section-boxed elementor-section-height-default elementor-section-height-default\" data-id=\"c665d3d\" data-element_type=\"section\" data-settings=\"{&quot;background_background&quot;:&quot;slideshow&quot;,&quot;background_slideshow_gallery&quot;:[],&quot;background_slideshow_loop&quot;:&quot;yes&quot;,&quot;background_slideshow_slide_duration&quot;:5000,&quot;background_slideshow_slide_transition&quot;:&quot;fade&quot;,&quot;background_slideshow_transition_duration&quot;:500}\">\n\t\t\t\t\t\t\t<div class=\"elementor-background-overlay\"><\/div>\n\t\t\t\t\t\t\t<div class=\"elementor-container elementor-column-gap-wider\">\n\t\t\t\t\t<div class=\"elementor-column elementor-col-100 elementor-top-column elementor-element elementor-element-6ce0cda\" data-id=\"6ce0cda\" data-element_type=\"column\">\n\t\t\t<div class=\"elementor-widget-wrap elementor-element-populated\">\n\t\t\t\t\t\t<div class=\"elementor-element elementor-element-5b4747e elementor-widget elementor-widget-text-editor\" data-id=\"5b4747e\" data-element_type=\"widget\" data-widget_type=\"text-editor.default\">\n\t\t\t\t<div class=\"elementor-widget-container\">\n\t\t\t\t\t\t\t\t\t<h1><strong>Mutfak Yang\u0131nlar\u0131<\/strong><\/h1>\t\t\t\t\t\t\t\t<\/div>\n\t\t\t\t<\/div>\n\t\t\t\t\t<\/div>\n\t\t<\/div>\n\t\t\t\t\t<\/div>\n\t\t<\/section>\n\t\t\t\t<section class=\"elementor-section elementor-top-section elementor-element elementor-element-9b912ca elementor-section-boxed elementor-section-height-default elementor-section-height-default\" data-id=\"9b912ca\" data-element_type=\"section\">\n\t\t\t\t\t\t<div class=\"elementor-container elementor-column-gap-default\">\n\t\t\t\t\t<div class=\"elementor-column elementor-col-100 elementor-top-column elementor-element elementor-element-1f2c0e2\" data-id=\"1f2c0e2\" data-element_type=\"column\">\n\t\t\t<div class=\"elementor-widget-wrap elementor-element-populated\">\n\t\t\t\t\t\t<div class=\"elementor-element elementor-element-ecc27cd elementor-widget elementor-widget-text-editor\" data-id=\"ecc27cd\" data-element_type=\"widget\" data-widget_type=\"text-editor.default\">\n\t\t\t\t<div class=\"elementor-widget-container\">\n\t\t\t\t\t\t\t\t\t<h2 style=\"text-align: center;\">MutfakYang\u0131nlar\u0131<img fetchpriority=\"high\" decoding=\"async\" class=\"aligncenter wp-image-1880 size-full\" src=\"http:\/\/www.yanginakademisi.com.tr\/egitim\/wp-content\/uploads\/2023\/11\/mutfakta-tava-yanarsa-ne-yapilir.jpeg\" alt=\"mutfak yang\u0131nlar\u0131\" width=\"450\" height=\"300\" srcset=\"https:\/\/www.yanginakademisi.com.tr\/egitim\/wp-content\/uploads\/2023\/11\/mutfakta-tava-yanarsa-ne-yapilir.jpeg 450w, https:\/\/www.yanginakademisi.com.tr\/egitim\/wp-content\/uploads\/2023\/11\/mutfakta-tava-yanarsa-ne-yapilir-300x200.jpeg 300w\" sizes=\"(max-width: 450px) 100vw, 450px\" \/><\/h2><p dir=\"auto\" data-pm-slice=\"1 1 []\">Mutfak yang\u0131nlar\u0131, evlerde en s\u0131k kar\u015f\u0131la\u015f\u0131lan ve ciddi tehlikeler olu\u015fturan olaylardan biridir. Bu nedenle, mutfak g\u00fcvenli\u011fi konusunda bilin\u00e7lenmek ve \u00f6nlem almak son derece \u00f6nemlidir.<\/p><p dir=\"auto\">Mutfak yang\u0131nlar\u0131 genellikle ya\u011f\u0131n alev almas\u0131 veya yanl\u0131\u015f kullan\u0131lan elektrikli cihazlar nedeniyle meydana gelir. Bununla birlikte, bu t\u00fcr yang\u0131nlar\u0131n \u00e7o\u011fu \u00f6nlenebilir ve kontrol alt\u0131na al\u0131nabilir.<\/p><p dir=\"auto\">Birincil olarak, mutfakta her zaman g\u00f6zetim alt\u0131nda olman\u0131z gerekmektedir. Pi\u015firdi\u011finiz yeme\u011fi asla g\u00f6zden ka\u00e7\u0131rmamal\u0131 ve ate\u015fin ba\u015f\u0131nda durmal\u0131s\u0131n\u0131z. Ayr\u0131ca, ocaktaki tencere veya tavay\u0131 bo\u015f b\u0131rakmamal\u0131s\u0131n\u0131z. Bir anl\u0131k dikkatsizlik bile b\u00fcy\u00fck bir yang\u0131na sebep olabilir.<\/p><p dir=\"auto\">\u0130kincil olarak, mutfakta kullan\u0131lan elektrikli cihazlar\u0131 do\u011fru \u015fekilde kullanmak da \u00f6nemlidir. Kullanmad\u0131\u011f\u0131n\u0131z zamanlarda prize tak\u0131l\u0131 olan cihazlar\u0131 fi\u015ften \u00e7ekmeli ve d\u00fczenli olarak kontrol etmelisiniz. Ayr\u0131ca, kablolar\u0131n hasar g\u00f6rmesi durumunda hemen de\u011fi\u015ftirilmelidir.<\/p><p dir=\"auto\">\u00dc\u00e7\u00fcnc\u00fcl olarak, mutfakta yang\u0131na kar\u015f\u0131 h\u0131zl\u0131 m\u00fcdahale edebilmek i\u00e7in uygun s\u00f6nd\u00fcrme ekipmanlar\u0131n\u0131n bulundurulmas\u0131 gerekmektedir. Bir yang\u0131n s\u00f6nd\u00fcr\u00fcc\u00fc veya yang\u0131n battaniyesi, acil durumlarda h\u0131zl\u0131 ve etkili bir \u015fekilde m\u00fcdahale etmenizi sa\u011flayacakt\u0131r.<\/p><p dir=\"auto\">Sonu\u00e7 olarak, mutfak yang\u0131nlar\u0131na kar\u015f\u0131 bilin\u00e7li olmak ve \u00f6nlem almak hayati \u00f6nem ta\u015f\u0131maktad\u0131r. G\u00f6zetim alt\u0131nda olmak, do\u011fru kullan\u0131m ve uygun s\u00f6nd\u00fcrme ekipmanlar\u0131n\u0131n bulundurulmas\u0131 gibi ad\u0131mlarla bu tehlikeleri minimize edebilir ve evlerimizi g\u00fcvende tutabiliriz.<\/p><p dir=\"auto\">\u00a0<\/p><p dir=\"auto\">\u00a0<\/p><p><strong>\u00dcniversiteli Yang\u0131n Akademisi<\/strong><\/p>\t\t\t\t\t\t\t\t<\/div>\n\t\t\t\t<\/div>\n\t\t\t\t\t<\/div>\n\t\t<\/div>\n\t\t\t\t\t<\/div>\n\t\t<\/section>\n\t\t\t\t<\/div>\n\t\t","protected":false},"excerpt":{"rendered":"<p>Mutfak Yang\u0131nlar\u0131 MutfakYang\u0131nlar\u0131 Mutfak yang\u0131nlar\u0131, evlerde en s\u0131k kar\u015f\u0131la\u015f\u0131lan ve ciddi tehlikeler olu\u015fturan olaylardan biridir. Bu nedenle, mutfak g\u00fcvenli\u011fi konusunda bilin\u00e7lenmek ve \u00f6nlem almak son derece \u00f6nemlidir. Mutfak yang\u0131nlar\u0131 genellikle ya\u011f\u0131n alev almas\u0131 veya yanl\u0131\u015f kullan\u0131lan elektrikli cihazlar nedeniyle meydana gelir. Bununla birlikte, bu t\u00fcr yang\u0131nlar\u0131n \u00e7o\u011fu \u00f6nlenebilir ve kontrol alt\u0131na al\u0131nabilir. Birincil olarak, mutfakta [&hellip;]<\/p>\n","protected":false},"author":1,"featured_media":0,"parent":0,"menu_order":0,"comment_status":"closed","ping_status":"closed","template":"elementor_header_footer","meta":{"footnotes":""},"class_list":["post-1878","page","type-page","status-publish","hentry"],"aioseo_notices":[],"acf":[],"_links":{"self":[{"href":"https:\/\/www.yanginakademisi.com.tr\/egitim\/wp-json\/wp\/v2\/pages\/1878","targetHints":{"allow":["GET"]}}],"collection":[{"href":"https:\/\/www.yanginakademisi.com.tr\/egitim\/wp-json\/wp\/v2\/pages"}],"about":[{"href":"https:\/\/www.yanginakademisi.com.tr\/egitim\/wp-json\/wp\/v2\/types\/page"}],"author":[{"embeddable":true,"href":"https:\/\/www.yanginakademisi.com.tr\/egitim\/wp-json\/wp\/v2\/users\/1"}],"replies":[{"embeddable":true,"href":"https:\/\/www.yanginakademisi.com.tr\/egitim\/wp-json\/wp\/v2\/comments?post=1878"}],"version-history":[{"count":7,"href":"https:\/\/www.yanginakademisi.com.tr\/egitim\/wp-json\/wp\/v2\/pages\/1878\/revisions"}],"predecessor-version":[{"id":1886,"href":"https:\/\/www.yanginakademisi.com.tr\/egitim\/wp-json\/wp\/v2\/pages\/1878\/revisions\/1886"}],"wp:attachment":[{"href":"https:\/\/www.yanginakademisi.com.tr\/egitim\/wp-json\/wp\/v2\/media?parent=1878"}],"curies":[{"name":"wp","href":"https:\/\/api.w.org\/{rel}","templated":true}]}}