{"id":1859,"date":"2023-11-04T12:48:45","date_gmt":"2023-11-04T12:48:45","guid":{"rendered":"https:\/\/www.yanginakademisi.com.tr\/egitim\/?page_id=1859"},"modified":"2025-06-14T08:58:36","modified_gmt":"2025-06-14T08:58:36","slug":"online-egitimler","status":"publish","type":"page","link":"https:\/\/www.yanginakademisi.com.tr\/egitim\/online-egitimler\/","title":{"rendered":"Online E\u011fitimler"},"content":{"rendered":"\t\t<div data-elementor-type=\"wp-page\" data-elementor-id=\"1859\" class=\"elementor elementor-1859\">\n\t\t\t\t\t\t<section class=\"elementor-section elementor-top-section elementor-element elementor-element-8739fa2 elementor-section-boxed elementor-section-height-default elementor-section-height-default\" data-id=\"8739fa2\" data-element_type=\"section\">\n\t\t\t\t\t\t<div class=\"elementor-container elementor-column-gap-default\">\n\t\t\t\t\t<div class=\"elementor-column elementor-col-100 elementor-top-column elementor-element elementor-element-0215cbf\" data-id=\"0215cbf\" data-element_type=\"column\">\n\t\t\t<div class=\"elementor-widget-wrap elementor-element-populated\">\n\t\t\t\t\t\t<div class=\"elementor-element elementor-element-e88f56d elementor-widget elementor-widget-spacer\" data-id=\"e88f56d\" data-element_type=\"widget\" data-widget_type=\"spacer.default\">\n\t\t\t\t<div class=\"elementor-widget-container\">\n\t\t\t\t\t\t\t<div class=\"elementor-spacer\">\n\t\t\t<div class=\"elementor-spacer-inner\"><\/div>\n\t\t<\/div>\n\t\t\t\t\t\t<\/div>\n\t\t\t\t<\/div>\n\t\t\t\t\t<\/div>\n\t\t<\/div>\n\t\t\t\t\t<\/div>\n\t\t<\/section>\n\t\t\t\t<section class=\"elementor-section elementor-top-section elementor-element elementor-element-0321966 elementor-section-boxed elementor-section-height-default elementor-section-height-default\" data-id=\"0321966\" data-element_type=\"section\" data-settings=\"{&quot;background_background&quot;:&quot;slideshow&quot;,&quot;background_slideshow_gallery&quot;:[],&quot;background_slideshow_loop&quot;:&quot;yes&quot;,&quot;background_slideshow_slide_duration&quot;:5000,&quot;background_slideshow_slide_transition&quot;:&quot;fade&quot;,&quot;background_slideshow_transition_duration&quot;:500}\">\n\t\t\t\t\t\t\t<div class=\"elementor-background-overlay\"><\/div>\n\t\t\t\t\t\t\t<div class=\"elementor-container elementor-column-gap-wider\">\n\t\t\t\t\t<div class=\"elementor-column elementor-col-100 elementor-top-column elementor-element elementor-element-ba39854\" data-id=\"ba39854\" data-element_type=\"column\">\n\t\t\t<div class=\"elementor-widget-wrap elementor-element-populated\">\n\t\t\t\t\t\t<div class=\"elementor-element elementor-element-5d2071c elementor-widget elementor-widget-text-editor\" data-id=\"5d2071c\" data-element_type=\"widget\" data-widget_type=\"text-editor.default\">\n\t\t\t\t<div class=\"elementor-widget-container\">\n\t\t\t\t\t\t\t\t\t<h1><span style=\"color: #000000;\">ONL\u0130NE E\u011e\u0130T\u0130MLER<\/span><\/h1>\t\t\t\t\t\t\t\t<\/div>\n\t\t\t\t<\/div>\n\t\t\t\t\t<\/div>\n\t\t<\/div>\n\t\t\t\t\t<\/div>\n\t\t<\/section>\n\t\t\t\t<section class=\"elementor-section elementor-top-section elementor-element elementor-element-f5b7492 elementor-section-boxed elementor-section-height-default elementor-section-height-default\" data-id=\"f5b7492\" data-element_type=\"section\">\n\t\t\t\t\t\t<div class=\"elementor-container elementor-column-gap-default\">\n\t\t\t\t\t<div class=\"elementor-column elementor-col-100 elementor-top-column elementor-element elementor-element-a714b0a\" data-id=\"a714b0a\" data-element_type=\"column\">\n\t\t\t<div class=\"elementor-widget-wrap elementor-element-populated\">\n\t\t\t\t\t\t<section class=\"elementor-section elementor-inner-section elementor-element elementor-element-5ac73c1 elementor-section-boxed elementor-section-height-default elementor-section-height-default\" data-id=\"5ac73c1\" data-element_type=\"section\">\n\t\t\t\t\t\t<div class=\"elementor-container elementor-column-gap-default\">\n\t\t\t\t\t<div class=\"elementor-column elementor-col-100 elementor-inner-column elementor-element elementor-element-eec2382\" data-id=\"eec2382\" data-element_type=\"column\">\n\t\t\t<div class=\"elementor-widget-wrap elementor-element-populated\">\n\t\t\t\t\t\t<div class=\"elementor-element elementor-element-884a7c7 elementor-align-justify elementor-widget elementor-widget-button\" data-id=\"884a7c7\" data-element_type=\"widget\" data-widget_type=\"button.default\">\n\t\t\t\t<div class=\"elementor-widget-container\">\n\t\t\t\t\t\t\t\t\t<div class=\"elementor-button-wrapper\">\n\t\t\t\t\t<a class=\"elementor-button elementor-button-link elementor-size-md\" href=\"https:\/\/www.yanginakademisi.com.tr\/egitim\/temel-yangin-egitimi\/\">\n\t\t\t\t\t\t<span class=\"elementor-button-content-wrapper\">\n\t\t\t\t\t\t\t\t\t<span class=\"elementor-button-text\">TEMEL YANGIN E\u011e\u0130T\u0130M\u0130<\/span>\n\t\t\t\t\t<\/span>\n\t\t\t\t\t<\/a>\n\t\t\t\t<\/div>\n\t\t\t\t\t\t\t\t<\/div>\n\t\t\t\t<\/div>\n\t\t\t\t<div class=\"elementor-element elementor-element-24c29e8 elementor-align-justify elementor-widget elementor-widget-button\" data-id=\"24c29e8\" data-element_type=\"widget\" data-widget_type=\"button.default\">\n\t\t\t\t<div class=\"elementor-widget-container\">\n\t\t\t\t\t\t\t\t\t<div class=\"elementor-button-wrapper\">\n\t\t\t\t\t<a class=\"elementor-button elementor-button-link elementor-size-md\" href=\"http:\/\/www.yanginakademisi.com.tr\/egitim\/yangin-sondurme-ekibi-egitimi\/\">\n\t\t\t\t\t\t<span class=\"elementor-button-content-wrapper\">\n\t\t\t\t\t\t\t\t\t<span class=\"elementor-button-text\">YANGIN S\u00d6ND\u00dcRME EK\u0130B\u0130 E\u011e\u0130T\u0130M\u0130<\/span>\n\t\t\t\t\t<\/span>\n\t\t\t\t\t<\/a>\n\t\t\t\t<\/div>\n\t\t\t\t\t\t\t\t<\/div>\n\t\t\t\t<\/div>\n\t\t\t\t<div class=\"elementor-element elementor-element-d5e900f elementor-align-justify elementor-widget elementor-widget-button\" data-id=\"d5e900f\" data-element_type=\"widget\" data-widget_type=\"button.default\">\n\t\t\t\t<div class=\"elementor-widget-container\">\n\t\t\t\t\t\t\t\t\t<div class=\"elementor-button-wrapper\">\n\t\t\t\t\t<a class=\"elementor-button elementor-button-link elementor-size-md\" href=\"http:\/\/www.yanginakademisi.com.tr\/egitim\/arama-kurtarma-tahliyekoruma-egitimi\/\">\n\t\t\t\t\t\t<span class=\"elementor-button-content-wrapper\">\n\t\t\t\t\t\t\t\t\t<span class=\"elementor-button-text\">ARAMA KURTARMA TAHL\u0130YE (KORUMA) E\u011e\u0130T\u0130M\u0130<\/span>\n\t\t\t\t\t<\/span>\n\t\t\t\t\t<\/a>\n\t\t\t\t<\/div>\n\t\t\t\t\t\t\t\t<\/div>\n\t\t\t\t<\/div>\n\t\t\t\t<div class=\"elementor-element elementor-element-b14bae8 elementor-align-justify elementor-widget elementor-widget-button\" data-id=\"b14bae8\" data-element_type=\"widget\" data-widget_type=\"button.default\">\n\t\t\t\t<div class=\"elementor-widget-container\">\n\t\t\t\t\t\t\t\t\t<div class=\"elementor-button-wrapper\">\n\t\t\t\t\t<a class=\"elementor-button elementor-button-link elementor-size-md\" href=\"https:\/\/www.yanginakademisi.com.tr\/egitim\/acil-durum-ekipleri-egitimi\">\n\t\t\t\t\t\t<span class=\"elementor-button-content-wrapper\">\n\t\t\t\t\t\t\t\t\t<span class=\"elementor-button-text\">AC\u0130L DURUM EK\u0130PLER\u0130 E\u011e\u0130T\u0130M\u0130 <br>(YANGIN-ARAMA KURTARMA-KORUMA)<\/span>\n\t\t\t\t\t<\/span>\n\t\t\t\t\t<\/a>\n\t\t\t\t<\/div>\n\t\t\t\t\t\t\t\t<\/div>\n\t\t\t\t<\/div>\n\t\t\t\t\t<\/div>\n\t\t<\/div>\n\t\t\t\t\t<\/div>\n\t\t<\/section>\n\t\t\t\t\t<\/div>\n\t\t<\/div>\n\t\t\t\t\t<\/div>\n\t\t<\/section>\n\t\t\t\t<section class=\"elementor-section elementor-top-section elementor-element elementor-element-4a1d8d7 elementor-section-boxed elementor-section-height-default elementor-section-height-default\" data-id=\"4a1d8d7\" data-element_type=\"section\">\n\t\t\t\t\t\t<div class=\"elementor-container elementor-column-gap-default\">\n\t\t\t\t\t<div class=\"elementor-column elementor-col-100 elementor-top-column elementor-element elementor-element-34da57b\" data-id=\"34da57b\" data-element_type=\"column\">\n\t\t\t<div class=\"elementor-widget-wrap elementor-element-populated\">\n\t\t\t\t\t\t<div class=\"elementor-element elementor-element-8466b9f elementor-widget elementor-widget-heading\" data-id=\"8466b9f\" data-element_type=\"widget\" data-widget_type=\"heading.default\">\n\t\t\t\t<div class=\"elementor-widget-container\">\n\t\t\t\t\t<p class=\"elementor-heading-title elementor-size-medium\">\u00a9 2025 yanginakademisi.com.tr<br>T\u00fcm Haklar\u0131 Sakl\u0131d\u0131r.<\/p>\t\t\t\t<\/div>\n\t\t\t\t<\/div>\n\t\t\t\t\t<\/div>\n\t\t<\/div>\n\t\t\t\t\t<\/div>\n\t\t<\/section>\n\t\t\t\t<\/div>\n\t\t","protected":false},"excerpt":{"rendered":"<p>ONL\u0130NE E\u011e\u0130T\u0130MLER TEMEL YANGIN E\u011e\u0130T\u0130M\u0130 YANGIN S\u00d6ND\u00dcRME EK\u0130B\u0130 E\u011e\u0130T\u0130M\u0130 ARAMA KURTARMA TAHL\u0130YE (KORUMA) E\u011e\u0130T\u0130M\u0130 AC\u0130L DURUM EK\u0130PLER\u0130 E\u011e\u0130T\u0130M\u0130 (YANGIN-ARAMA KURTARMA-KORUMA) \u00a9 2025 yanginakademisi.com.trT\u00fcm Haklar\u0131 Sakl\u0131d\u0131r.<\/p>\n","protected":false},"author":1,"featured_media":0,"parent":0,"menu_order":0,"comment_status":"closed","ping_status":"closed","template":"elementor_header_footer","meta":{"footnotes":""},"class_list":["post-1859","page","type-page","status-publish","hentry"],"aioseo_notices":[],"acf":[],"_links":{"self":[{"href":"https:\/\/www.yanginakademisi.com.tr\/egitim\/wp-json\/wp\/v2\/pages\/1859","targetHints":{"allow":["GET"]}}],"collection":[{"href":"https:\/\/www.yanginakademisi.com.tr\/egitim\/wp-json\/wp\/v2\/pages"}],"about":[{"href":"https:\/\/www.yanginakademisi.com.tr\/egitim\/wp-json\/wp\/v2\/types\/page"}],"author":[{"embeddable":true,"href":"https:\/\/www.yanginakademisi.com.tr\/egitim\/wp-json\/wp\/v2\/users\/1"}],"replies":[{"embeddable":true,"href":"https:\/\/www.yanginakademisi.com.tr\/egitim\/wp-json\/wp\/v2\/comments?post=1859"}],"version-history":[{"count":13,"href":"https:\/\/www.yanginakademisi.com.tr\/egitim\/wp-json\/wp\/v2\/pages\/1859\/revisions"}],"predecessor-version":[{"id":2084,"href":"https:\/\/www.yanginakademisi.com.tr\/egitim\/wp-json\/wp\/v2\/pages\/1859\/revisions\/2084"}],"wp:attachment":[{"href":"https:\/\/www.yanginakademisi.com.tr\/egitim\/wp-json\/wp\/v2\/media?parent=1859"}],"curies":[{"name":"wp","href":"https:\/\/api.w.org\/{rel}","templated":true}]}}