{"id":1821,"date":"2023-10-28T22:45:53","date_gmt":"2023-10-28T22:45:53","guid":{"rendered":"https:\/\/www.yanginakademisi.com.tr\/egitim\/?page_id=1821"},"modified":"2023-11-01T18:44:24","modified_gmt":"2023-11-01T18:44:24","slug":"teklif-al","status":"publish","type":"page","link":"https:\/\/www.yanginakademisi.com.tr\/egitim\/teklif-al\/","title":{"rendered":"Teklif Al"},"content":{"rendered":"\t\t<div data-elementor-type=\"wp-page\" data-elementor-id=\"1821\" class=\"elementor elementor-1821\">\n\t\t\t\t\t\t<section class=\"elementor-section elementor-top-section elementor-element elementor-element-1c683ee elementor-section-boxed elementor-section-height-default elementor-section-height-default\" data-id=\"1c683ee\" data-element_type=\"section\">\n\t\t\t\t\t\t<div class=\"elementor-container elementor-column-gap-default\">\n\t\t\t\t\t<div class=\"elementor-column elementor-col-100 elementor-top-column elementor-element elementor-element-065da9d\" data-id=\"065da9d\" data-element_type=\"column\">\n\t\t\t<div class=\"elementor-widget-wrap\">\n\t\t\t\t\t\t\t<\/div>\n\t\t<\/div>\n\t\t\t\t\t<\/div>\n\t\t<\/section>\n\t\t\t\t<section class=\"elementor-section elementor-top-section elementor-element elementor-element-c58ebcb elementor-section-boxed elementor-section-height-default elementor-section-height-default\" data-id=\"c58ebcb\" data-element_type=\"section\">\n\t\t\t\t\t\t<div class=\"elementor-container elementor-column-gap-default\">\n\t\t\t\t\t<div class=\"elementor-column elementor-col-100 elementor-top-column elementor-element elementor-element-e4c534a\" data-id=\"e4c534a\" data-element_type=\"column\">\n\t\t\t<div class=\"elementor-widget-wrap\">\n\t\t\t\t\t\t\t<\/div>\n\t\t<\/div>\n\t\t\t\t\t<\/div>\n\t\t<\/section>\n\t\t\t\t<section class=\"elementor-section elementor-top-section elementor-element elementor-element-53872ae elementor-section-boxed elementor-section-height-default elementor-section-height-default\" data-id=\"53872ae\" data-element_type=\"section\">\n\t\t\t\t\t\t<div class=\"elementor-container elementor-column-gap-default\">\n\t\t\t\t\t<div class=\"elementor-column elementor-col-100 elementor-top-column elementor-element elementor-element-604e11a\" data-id=\"604e11a\" data-element_type=\"column\">\n\t\t\t<div class=\"elementor-widget-wrap\">\n\t\t\t\t\t\t\t<\/div>\n\t\t<\/div>\n\t\t\t\t\t<\/div>\n\t\t<\/section>\n\t\t\t\t<section class=\"elementor-section elementor-top-section elementor-element elementor-element-b90564a elementor-section-boxed elementor-section-height-default elementor-section-height-default\" data-id=\"b90564a\" data-element_type=\"section\">\n\t\t\t\t\t\t\t<div class=\"elementor-background-overlay\"><\/div>\n\t\t\t\t\t\t\t<div class=\"elementor-container elementor-column-gap-default\">\n\t\t\t\t\t<div class=\"elementor-column elementor-col-100 elementor-top-column elementor-element elementor-element-c169cbe\" data-id=\"c169cbe\" data-element_type=\"column\">\n\t\t\t<div class=\"elementor-widget-wrap elementor-element-populated\">\n\t\t\t\t\t\t<div class=\"elementor-element elementor-element-007f79a elementor-widget elementor-widget-spacer\" data-id=\"007f79a\" data-element_type=\"widget\" data-widget_type=\"spacer.default\">\n\t\t\t\t<div class=\"elementor-widget-container\">\n\t\t\t\t\t\t\t<div class=\"elementor-spacer\">\n\t\t\t<div class=\"elementor-spacer-inner\"><\/div>\n\t\t<\/div>\n\t\t\t\t\t\t<\/div>\n\t\t\t\t<\/div>\n\t\t\t\t<div class=\"elementor-element elementor-element-63e552d elementor-widget elementor-widget-heading\" data-id=\"63e552d\" data-element_type=\"widget\" data-widget_type=\"heading.default\">\n\t\t\t\t<div class=\"elementor-widget-container\">\n\t\t\t\t\t<h1 class=\"elementor-heading-title elementor-size-default\">E\u011fitim Teklif Formu<\/h1>\t\t\t\t<\/div>\n\t\t\t\t<\/div>\n\t\t\t\t<div class=\"elementor-element elementor-element-2e6bae1 elementor-widget elementor-widget-shortcode\" data-id=\"2e6bae1\" data-element_type=\"widget\" data-widget_type=\"shortcode.default\">\n\t\t\t\t<div class=\"elementor-widget-container\">\n\t\t\t\t\t\t\t<div class=\"elementor-shortcode\">\n<div class=\"wpcf7 no-js\" id=\"wpcf7-f1820-o1\" lang=\"tr-TR\" dir=\"ltr\" data-wpcf7-id=\"1820\">\n<div class=\"screen-reader-response\"><p role=\"status\" aria-live=\"polite\" aria-atomic=\"true\"><\/p> <ul><\/ul><\/div>\n<form action=\"\/egitim\/wp-json\/wp\/v2\/pages\/1821#wpcf7-f1820-o1\" method=\"post\" class=\"wpcf7-form init\" aria-label=\"\u0130leti\u015fim Formu\" novalidate=\"novalidate\" data-status=\"init\">\n<fieldset class=\"hidden-fields-container\"><input type=\"hidden\" name=\"_wpcf7\" value=\"1820\" \/><input type=\"hidden\" name=\"_wpcf7_version\" value=\"6.1.4\" \/><input type=\"hidden\" name=\"_wpcf7_locale\" value=\"tr_TR\" \/><input type=\"hidden\" name=\"_wpcf7_unit_tag\" value=\"wpcf7-f1820-o1\" \/><input type=\"hidden\" name=\"_wpcf7_container_post\" value=\"0\" \/><input type=\"hidden\" name=\"_wpcf7_posted_data_hash\" value=\"\" \/>\n<\/fieldset>\n<p><label> <\/label>\n<\/p>\n<h5><strong>Firma Ad\u0131 (Zorunlu Alan)<\/strong>\n<\/h5>\n<p><span class=\"wpcf7-form-control-wrap\" data-name=\"text-830\"><input size=\"40\" maxlength=\"400\" class=\"wpcf7-form-control wpcf7-text wpcf7-validates-as-required\" aria-required=\"true\" aria-invalid=\"false\" placeholder=\"Firma Ad\u0131\" value=\"\" type=\"text\" name=\"text-830\" \/><\/span>\n<\/p>\n<p><label> <\/label>\n<\/p>\n<h5><strong>Ad Soyad (Zorunlu Alan)<\/strong>\n<\/h5>\n<p><span class=\"wpcf7-form-control-wrap\" data-name=\"your-name\"><input size=\"40\" maxlength=\"400\" class=\"wpcf7-form-control wpcf7-text wpcf7-validates-as-required\" autocomplete=\"name\" aria-required=\"true\" aria-invalid=\"false\" value=\"\" type=\"text\" name=\"your-name\" \/><\/span>\n<\/p>\n<p><label> <\/label>\n<\/p>\n<h5><strong>Telefon (Zorunlu Alan)<\/strong>\n<\/h5>\n<p><span class=\"wpcf7-form-control-wrap\" data-name=\"tel-250\"><input size=\"40\" maxlength=\"400\" class=\"wpcf7-form-control wpcf7-tel wpcf7-validates-as-required wpcf7-text wpcf7-validates-as-tel\" aria-required=\"true\" aria-invalid=\"false\" value=\"\" type=\"tel\" name=\"tel-250\" \/><\/span>\n<\/p>\n<p><label> <\/label>\n<\/p>\n<h5><strong>E-posta Adresi (Zorunlu Alan)<\/strong>\n<\/h5>\n<p><span class=\"wpcf7-form-control-wrap\" data-name=\"your-email\"><input size=\"40\" maxlength=\"400\" class=\"wpcf7-form-control wpcf7-email wpcf7-validates-as-required wpcf7-text wpcf7-validates-as-email\" autocomplete=\"email\" aria-required=\"true\" aria-invalid=\"false\" value=\"\" type=\"email\" name=\"your-email\" \/><\/span>\n<\/p>\n<h5><strong>E\u011fitim Se\u00e7iniz (Zorunlu Alan)<\/strong>\n<\/h5>\n<h2><strong><span class=\"wpcf7-form-control-wrap\" data-name=\"your-browser\"><select class=\"wpcf7-form-control wpcf7-select wpcf7-validates-as-required\" aria-required=\"true\" aria-invalid=\"false\" name=\"your-browser\"><option value=\"\">&#8212;L\u00fctfen bir se\u00e7enek se\u00e7in&#8212;<\/option><option value=\"Temel Yang\u0131n E\u011fitimi\">Temel Yang\u0131n E\u011fitimi<\/option><option value=\"Yang\u0131n Ekibi E\u011fitimi\">Yang\u0131n Ekibi E\u011fitimi<\/option><option value=\"Arama Kurtarma Koruma (Tahliye) E\u011fitimi\">Arama Kurtarma Koruma (Tahliye) E\u011fitimi<\/option><option value=\"Acil Durum Ekipleri E\u011fitimi\">Acil Durum Ekipleri E\u011fitimi<\/option><option value=\"\u0130leri Seviye Yang\u0131n E\u011fitimi\">\u0130leri Seviye Yang\u0131n E\u011fitimi<\/option><option value=\"Acil Durum Tahliye Tatbikat\u0131 E\u011fitimi\">Acil Durum Tahliye Tatbikat\u0131 E\u011fitimi<\/option><option value=\"Deprem Bilin\u00e7lendirme E\u011fitimi\">Deprem Bilin\u00e7lendirme E\u011fitimi<\/option><option value=\"\u0130lk Yard\u0131m E\u011fitimi\">\u0130lk Yard\u0131m E\u011fitimi<\/option><option value=\"Yang\u0131n G\u00fcvenli\u011fi Dan\u0131\u015fmanl\u0131\u011f\u0131\">Yang\u0131n G\u00fcvenli\u011fi Dan\u0131\u015fmanl\u0131\u011f\u0131<\/option><option value=\"Yang\u0131n G\u00fcvenli\u011fi Risk Analizi\">Yang\u0131n G\u00fcvenli\u011fi Risk Analizi<\/option><option value=\"Y\u00fcksekte \u00c7al\u0131\u015fma E\u011fitimi\">Y\u00fcksekte \u00c7al\u0131\u015fma E\u011fitimi<\/option><option value=\"Deprem G\u00fcvenli\u011fi Risk Analizi\">Deprem G\u00fcvenli\u011fi Risk Analizi<\/option><\/select><\/span><\/strong>\n<\/h2>\n<p><label> <\/label>\n<\/p>\n<h5><strong>Konu (Zorunlu Alan)<\/strong>\n<\/h5>\n<p><span class=\"wpcf7-form-control-wrap\" data-name=\"your-subject\"><input size=\"40\" maxlength=\"400\" class=\"wpcf7-form-control wpcf7-text wpcf7-validates-as-required\" aria-required=\"true\" aria-invalid=\"false\" value=\"\" type=\"text\" name=\"your-subject\" \/><\/span>\n<\/p>\n<p><label> <\/label>\n<\/p>\n<h5><strong>\u0130letiniz (\u0130ste\u011fe Ba\u011fl\u0131)<\/strong>\n<\/h5>\n<p><span class=\"wpcf7-form-control-wrap\" data-name=\"your-message\"><textarea cols=\"40\" rows=\"10\" maxlength=\"2000\" class=\"wpcf7-form-control wpcf7-textarea\" aria-invalid=\"false\" name=\"your-message\"><\/textarea><\/span>\n<\/p>\n<h2><strong><input class=\"wpcf7-form-control wpcf7-submit has-spinner\" type=\"submit\" value=\"G\u00f6nder\" \/><\/strong>\n<\/h2><div class=\"wpcf7-response-output\" aria-hidden=\"true\"><\/div>\n<\/form>\n<\/div>\n<\/div>\n\t\t\t\t\t\t<\/div>\n\t\t\t\t<\/div>\n\t\t\t\t<div class=\"elementor-element elementor-element-6c25a9d elementor-widget elementor-widget-spacer\" data-id=\"6c25a9d\" data-element_type=\"widget\" data-widget_type=\"spacer.default\">\n\t\t\t\t<div class=\"elementor-widget-container\">\n\t\t\t\t\t\t\t<div class=\"elementor-spacer\">\n\t\t\t<div class=\"elementor-spacer-inner\"><\/div>\n\t\t<\/div>\n\t\t\t\t\t\t<\/div>\n\t\t\t\t<\/div>\n\t\t\t\t\t<\/div>\n\t\t<\/div>\n\t\t\t\t\t<\/div>\n\t\t<\/section>\n\t\t\t\t<\/div>\n\t\t","protected":false},"excerpt":{"rendered":"<p>E\u011fitim Teklif Formu<\/p>\n","protected":false},"author":1,"featured_media":0,"parent":0,"menu_order":0,"comment_status":"closed","ping_status":"closed","template":"elementor_header_footer","meta":{"footnotes":""},"class_list":["post-1821","page","type-page","status-publish","hentry"],"aioseo_notices":[],"acf":[],"_links":{"self":[{"href":"https:\/\/www.yanginakademisi.com.tr\/egitim\/wp-json\/wp\/v2\/pages\/1821","targetHints":{"allow":["GET"]}}],"collection":[{"href":"https:\/\/www.yanginakademisi.com.tr\/egitim\/wp-json\/wp\/v2\/pages"}],"about":[{"href":"https:\/\/www.yanginakademisi.com.tr\/egitim\/wp-json\/wp\/v2\/types\/page"}],"author":[{"embeddable":true,"href":"https:\/\/www.yanginakademisi.com.tr\/egitim\/wp-json\/wp\/v2\/users\/1"}],"replies":[{"embeddable":true,"href":"https:\/\/www.yanginakademisi.com.tr\/egitim\/wp-json\/wp\/v2\/comments?post=1821"}],"version-history":[{"count":22,"href":"https:\/\/www.yanginakademisi.com.tr\/egitim\/wp-json\/wp\/v2\/pages\/1821\/revisions"}],"predecessor-version":[{"id":1853,"href":"https:\/\/www.yanginakademisi.com.tr\/egitim\/wp-json\/wp\/v2\/pages\/1821\/revisions\/1853"}],"wp:attachment":[{"href":"https:\/\/www.yanginakademisi.com.tr\/egitim\/wp-json\/wp\/v2\/media?parent=1821"}],"curies":[{"name":"wp","href":"https:\/\/api.w.org\/{rel}","templated":true}]}}