{"id":1774,"date":"2023-10-28T14:37:27","date_gmt":"2023-10-28T14:37:27","guid":{"rendered":"https:\/\/www.yanginakademisi.com.tr\/egitim\/?page_id=1774"},"modified":"2023-10-28T14:48:43","modified_gmt":"2023-10-28T14:48:43","slug":"yangin-yerindeki-tehlikeler","status":"publish","type":"page","link":"https:\/\/www.yanginakademisi.com.tr\/egitim\/yangin-yerindeki-tehlikeler\/","title":{"rendered":"Yang\u0131n Yerindeki Tehlikeler"},"content":{"rendered":"\t\t<div data-elementor-type=\"wp-page\" data-elementor-id=\"1774\" class=\"elementor elementor-1774\">\n\t\t\t\t\t\t<section class=\"elementor-section elementor-top-section elementor-element elementor-element-d7a5f39 elementor-section-boxed elementor-section-height-default elementor-section-height-default\" data-id=\"d7a5f39\" data-element_type=\"section\">\n\t\t\t\t\t\t<div class=\"elementor-container elementor-column-gap-default\">\n\t\t\t\t\t<div class=\"elementor-column elementor-col-100 elementor-top-column elementor-element elementor-element-b31c4e7\" data-id=\"b31c4e7\" data-element_type=\"column\">\n\t\t\t<div class=\"elementor-widget-wrap\">\n\t\t\t\t\t\t\t<\/div>\n\t\t<\/div>\n\t\t\t\t\t<\/div>\n\t\t<\/section>\n\t\t\t\t<section class=\"elementor-section elementor-top-section elementor-element elementor-element-800cf40 elementor-section-boxed elementor-section-height-default elementor-section-height-default\" data-id=\"800cf40\" data-element_type=\"section\">\n\t\t\t\t\t\t<div class=\"elementor-container elementor-column-gap-default\">\n\t\t\t\t\t<div class=\"elementor-column elementor-col-100 elementor-top-column elementor-element elementor-element-f9831f4\" data-id=\"f9831f4\" data-element_type=\"column\">\n\t\t\t<div class=\"elementor-widget-wrap elementor-element-populated\">\n\t\t\t\t\t\t<div class=\"elementor-element elementor-element-96947bd elementor-widget elementor-widget-spacer\" data-id=\"96947bd\" data-element_type=\"widget\" data-widget_type=\"spacer.default\">\n\t\t\t\t<div class=\"elementor-widget-container\">\n\t\t\t\t\t\t\t<div class=\"elementor-spacer\">\n\t\t\t<div class=\"elementor-spacer-inner\"><\/div>\n\t\t<\/div>\n\t\t\t\t\t\t<\/div>\n\t\t\t\t<\/div>\n\t\t\t\t\t<\/div>\n\t\t<\/div>\n\t\t\t\t\t<\/div>\n\t\t<\/section>\n\t\t\t\t<section class=\"elementor-section elementor-top-section elementor-element elementor-element-dfb7f64 elementor-section-boxed elementor-section-height-default elementor-section-height-default\" data-id=\"dfb7f64\" data-element_type=\"section\" data-settings=\"{&quot;background_background&quot;:&quot;slideshow&quot;,&quot;background_slideshow_gallery&quot;:[],&quot;background_slideshow_loop&quot;:&quot;yes&quot;,&quot;background_slideshow_slide_duration&quot;:5000,&quot;background_slideshow_slide_transition&quot;:&quot;fade&quot;,&quot;background_slideshow_transition_duration&quot;:500}\">\n\t\t\t\t\t\t\t<div class=\"elementor-background-overlay\"><\/div>\n\t\t\t\t\t\t\t<div class=\"elementor-container elementor-column-gap-wider\">\n\t\t\t\t\t<div class=\"elementor-column elementor-col-100 elementor-top-column elementor-element elementor-element-9def465\" data-id=\"9def465\" data-element_type=\"column\">\n\t\t\t<div class=\"elementor-widget-wrap elementor-element-populated\">\n\t\t\t\t\t\t<div class=\"elementor-element elementor-element-316bc8e elementor-widget elementor-widget-text-editor\" data-id=\"316bc8e\" data-element_type=\"widget\" data-widget_type=\"text-editor.default\">\n\t\t\t\t<div class=\"elementor-widget-container\">\n\t\t\t\t\t\t\t\t\t<h1><strong>Yang\u0131n Yerindeki Tehlikeler<\/strong><\/h1>\t\t\t\t\t\t\t\t<\/div>\n\t\t\t\t<\/div>\n\t\t\t\t\t<\/div>\n\t\t<\/div>\n\t\t\t\t\t<\/div>\n\t\t<\/section>\n\t\t\t\t<section class=\"elementor-section elementor-top-section elementor-element elementor-element-61150d9 elementor-section-boxed elementor-section-height-default elementor-section-height-default\" data-id=\"61150d9\" data-element_type=\"section\">\n\t\t\t\t\t\t<div class=\"elementor-container elementor-column-gap-default\">\n\t\t\t\t\t<div class=\"elementor-column elementor-col-100 elementor-top-column elementor-element elementor-element-212096e\" data-id=\"212096e\" data-element_type=\"column\">\n\t\t\t<div class=\"elementor-widget-wrap elementor-element-populated\">\n\t\t\t\t\t\t<div class=\"elementor-element elementor-element-12913fe elementor-widget elementor-widget-text-editor\" data-id=\"12913fe\" data-element_type=\"widget\" data-widget_type=\"text-editor.default\">\n\t\t\t\t<div class=\"elementor-widget-container\">\n\t\t\t\t\t\t\t\t\t<h2 style=\"text-align: center;\">Yang\u0131n Yerindeki Tehlikeler<\/h2><p><img fetchpriority=\"high\" decoding=\"async\" class=\"aligncenter wp-image-1413 size-full\" src=\"http:\/\/www.yanginakademisi.com.tr\/egitim\/wp-content\/uploads\/2023\/09\/ileri-seviye-yangin-egitimi.jpeg\" alt=\"ileri-seviye-yangin-egitimi\" width=\"600\" height=\"400\" srcset=\"https:\/\/www.yanginakademisi.com.tr\/egitim\/wp-content\/uploads\/2023\/09\/ileri-seviye-yangin-egitimi.jpeg 600w, https:\/\/www.yanginakademisi.com.tr\/egitim\/wp-content\/uploads\/2023\/09\/ileri-seviye-yangin-egitimi-300x200.jpeg 300w\" sizes=\"(max-width: 600px) 100vw, 600px\" \/><\/p><p>T\u00fcm yang\u0131nlarda bizleri bekleyen tehlikeler vard\u0131r. \u0130tfaiyecili\u011fin d\u00fcnyan\u0131n en stresli mesleklerinden say\u0131lma sebeplerinden en \u00f6nemlisi bu tehlikelerdir. Yang\u0131n\u0131n geometrik olarak b\u00fcy\u00fcmesinden dolay\u0131 yang\u0131n yerinde bulunanlar ve yang\u0131na m\u00fcdahale edecekler \u00e7ok h\u0131zl\u0131 hareket etmek zorundad\u0131r. Yang\u0131nlar, baz\u0131 \u00f6zel durumlar hari\u00e7 (akaryak\u0131t ve gaz yang\u0131nlar\u0131 gibi) ba\u015flang\u0131\u00e7ta k\u00fc\u00e7\u00fck olmas\u0131na ra\u011fmen yang\u0131n bile\u015fenlerinin \u00f6zelliklerine ba\u011fl\u0131 olarak \u00e7ok h\u0131zl\u0131 b\u00fcy\u00fcmektedir.<\/p><p>\u00d6zellikle ortamda yang\u0131n\u0131n daha h\u0131zl\u0131 b\u00fcy\u00fcmesinisa\u011flayacak kolay yanabilen maddelerin bulunmas\u0131 ve r\u00fczg\u00e2r bu s\u00fcreci \u00e7ok daha h\u0131zl\u0131 geli\u015ftirmektedir.<\/p><p>\u0130tfaiyecilikteki \u015fu prensipten yola \u00e7\u0131karak; Ba\u015flang\u0131\u00e7ta bir bardak su ile s\u00f6nd\u00fcr\u00fclebilecek bir yang\u0131n, ikinci dakikada bir kova su ile \u00fc\u00e7\u00fcnc\u00fc dakikada bir f\u0131\u00e7\u0131 su ile ancak s\u00f6nd\u00fcr\u00fclebilir. Bir ba\u015fka de\u011fi\u015fle yang\u0131n, kar\u015f\u0131s\u0131na herhangi bir engel \u00e7\u0131kmazsa s\u00fcrekli b\u00fcy\u00fcr ve yay\u0131l\u0131r. T\u00fcm bina tesis ve ya\u015fam alanlar\u0131m\u0131zda yang\u0131n g\u00fcvenlik \u00f6nlemleri almam\u0131z gerekir. Yang\u0131n i\u00e7in al\u0131nan b\u00fct\u00fcn g\u00fcvenlik \u00f6nlemleri s\u00fcrekli kontrol edilmeli ve her an kullan\u0131ma haz\u0131r tutulmal\u0131d\u0131r. Acil \u00e7\u0131k\u0131\u015f kap\u0131lar\u0131 ve merdivenleri her zaman a\u00e7\u0131k olmal\u0131d\u0131r. Yang\u0131n s\u00f6nd\u00fcrme cihazlar\u0131 ka\u00e7\u0131\u015f yollar\u0131 \u00fczerine kolayca ula\u015f\u0131labilecek \u015fekilde yerle\u015ftirilmelidir.<\/p><p>Yang\u0131n yerinde saniyelerle yar\u0131\u015f\u0131ld\u0131\u011f\u0131 hi\u00e7bir zaman unutulmamal\u0131d\u0131r. \u0130tfaiye ara\u00e7lar\u0131n\u0131n birinci derecede ge\u00e7i\u015f \u00fcst\u00fcnl\u00fc\u011f\u00fcne sahip olmas\u0131n\u0131n en \u00f6nemli nedeni budur. Di\u011fer ara\u00e7lar itfaiye ara\u00e7lar\u0131na hemen yol vermeli, itfaiye ara\u00e7lar\u0131n\u0131n ge\u00e7i\u015fini zorla\u015ft\u0131racak \u015fekilde ara\u00e7 park edilmemelidir.<\/p><p>\u00a0<\/p><p><strong>\u00dcniversiteli Yang\u0131n Akademisi<\/strong><\/p>\t\t\t\t\t\t\t\t<\/div>\n\t\t\t\t<\/div>\n\t\t\t\t\t<\/div>\n\t\t<\/div>\n\t\t\t\t\t<\/div>\n\t\t<\/section>\n\t\t\t\t<\/div>\n\t\t","protected":false},"excerpt":{"rendered":"<p>Yang\u0131n Yerindeki Tehlikeler Yang\u0131n Yerindeki Tehlikeler T\u00fcm yang\u0131nlarda bizleri bekleyen tehlikeler vard\u0131r. \u0130tfaiyecili\u011fin d\u00fcnyan\u0131n en stresli mesleklerinden say\u0131lma sebeplerinden en \u00f6nemlisi bu tehlikelerdir. Yang\u0131n\u0131n geometrik olarak b\u00fcy\u00fcmesinden dolay\u0131 yang\u0131n yerinde bulunanlar ve yang\u0131na m\u00fcdahale edecekler \u00e7ok h\u0131zl\u0131 hareket etmek zorundad\u0131r. Yang\u0131nlar, baz\u0131 \u00f6zel durumlar hari\u00e7 (akaryak\u0131t ve gaz yang\u0131nlar\u0131 gibi) ba\u015flang\u0131\u00e7ta k\u00fc\u00e7\u00fck olmas\u0131na ra\u011fmen yang\u0131n [&hellip;]<\/p>\n","protected":false},"author":1,"featured_media":0,"parent":0,"menu_order":0,"comment_status":"closed","ping_status":"closed","template":"elementor_header_footer","meta":{"footnotes":""},"class_list":["post-1774","page","type-page","status-publish","hentry"],"aioseo_notices":[],"acf":[],"_links":{"self":[{"href":"https:\/\/www.yanginakademisi.com.tr\/egitim\/wp-json\/wp\/v2\/pages\/1774","targetHints":{"allow":["GET"]}}],"collection":[{"href":"https:\/\/www.yanginakademisi.com.tr\/egitim\/wp-json\/wp\/v2\/pages"}],"about":[{"href":"https:\/\/www.yanginakademisi.com.tr\/egitim\/wp-json\/wp\/v2\/types\/page"}],"author":[{"embeddable":true,"href":"https:\/\/www.yanginakademisi.com.tr\/egitim\/wp-json\/wp\/v2\/users\/1"}],"replies":[{"embeddable":true,"href":"https:\/\/www.yanginakademisi.com.tr\/egitim\/wp-json\/wp\/v2\/comments?post=1774"}],"version-history":[{"count":17,"href":"https:\/\/www.yanginakademisi.com.tr\/egitim\/wp-json\/wp\/v2\/pages\/1774\/revisions"}],"predecessor-version":[{"id":1810,"href":"https:\/\/www.yanginakademisi.com.tr\/egitim\/wp-json\/wp\/v2\/pages\/1774\/revisions\/1810"}],"wp:attachment":[{"href":"https:\/\/www.yanginakademisi.com.tr\/egitim\/wp-json\/wp\/v2\/media?parent=1774"}],"curies":[{"name":"wp","href":"https:\/\/api.w.org\/{rel}","templated":true}]}}