{"id":1748,"date":"2023-10-27T15:43:24","date_gmt":"2023-10-27T15:43:24","guid":{"rendered":"https:\/\/www.yanginakademisi.com.tr\/egitim\/?page_id=1748"},"modified":"2023-10-28T17:49:31","modified_gmt":"2023-10-28T17:49:31","slug":"afet-egitimi-gunu","status":"publish","type":"page","link":"https:\/\/www.yanginakademisi.com.tr\/egitim\/afet-egitimi-gunu\/","title":{"rendered":"Afet E\u011fitimi G\u00fcn\u00fc"},"content":{"rendered":"\t\t<div data-elementor-type=\"wp-page\" data-elementor-id=\"1748\" class=\"elementor elementor-1748\">\n\t\t\t\t\t\t<section class=\"elementor-section elementor-top-section elementor-element elementor-element-ad911d2 elementor-section-boxed elementor-section-height-default elementor-section-height-default\" data-id=\"ad911d2\" data-element_type=\"section\">\n\t\t\t\t\t\t<div class=\"elementor-container elementor-column-gap-default\">\n\t\t\t\t\t<div class=\"elementor-column elementor-col-100 elementor-top-column elementor-element elementor-element-4dea7cb\" data-id=\"4dea7cb\" data-element_type=\"column\">\n\t\t\t<div class=\"elementor-widget-wrap elementor-element-populated\">\n\t\t\t\t\t\t<div class=\"elementor-element elementor-element-5cab9b7 elementor-widget elementor-widget-spacer\" data-id=\"5cab9b7\" data-element_type=\"widget\" data-widget_type=\"spacer.default\">\n\t\t\t\t<div class=\"elementor-widget-container\">\n\t\t\t\t\t\t\t<div class=\"elementor-spacer\">\n\t\t\t<div class=\"elementor-spacer-inner\"><\/div>\n\t\t<\/div>\n\t\t\t\t\t\t<\/div>\n\t\t\t\t<\/div>\n\t\t\t\t\t<\/div>\n\t\t<\/div>\n\t\t\t\t\t<\/div>\n\t\t<\/section>\n\t\t\t\t<section class=\"elementor-section elementor-top-section elementor-element elementor-element-68ddb25 elementor-section-boxed elementor-section-height-default elementor-section-height-default\" data-id=\"68ddb25\" data-element_type=\"section\" data-settings=\"{&quot;background_background&quot;:&quot;slideshow&quot;,&quot;background_slideshow_gallery&quot;:[],&quot;background_slideshow_loop&quot;:&quot;yes&quot;,&quot;background_slideshow_slide_duration&quot;:5000,&quot;background_slideshow_slide_transition&quot;:&quot;fade&quot;,&quot;background_slideshow_transition_duration&quot;:500}\">\n\t\t\t\t\t\t\t<div class=\"elementor-background-overlay\"><\/div>\n\t\t\t\t\t\t\t<div class=\"elementor-container elementor-column-gap-wider\">\n\t\t\t\t\t<div class=\"elementor-column elementor-col-100 elementor-top-column elementor-element elementor-element-813eb34\" data-id=\"813eb34\" data-element_type=\"column\">\n\t\t\t<div class=\"elementor-widget-wrap elementor-element-populated\">\n\t\t\t\t\t\t<div class=\"elementor-element elementor-element-19287fe elementor-widget elementor-widget-text-editor\" data-id=\"19287fe\" data-element_type=\"widget\" data-widget_type=\"text-editor.default\">\n\t\t\t\t<div class=\"elementor-widget-container\">\n\t\t\t\t\t\t\t\t\t<h1><strong>Afet E\u011fitimi G\u00fcn\u00fc<\/strong><\/h1>\t\t\t\t\t\t\t\t<\/div>\n\t\t\t\t<\/div>\n\t\t\t\t\t<\/div>\n\t\t<\/div>\n\t\t\t\t\t<\/div>\n\t\t<\/section>\n\t\t\t\t<section class=\"elementor-section elementor-top-section elementor-element elementor-element-2fa20dc1 elementor-section-boxed elementor-section-height-default elementor-section-height-default\" data-id=\"2fa20dc1\" data-element_type=\"section\">\n\t\t\t\t\t\t<div class=\"elementor-container elementor-column-gap-default\">\n\t\t\t\t\t<div class=\"elementor-column elementor-col-100 elementor-top-column elementor-element elementor-element-3030151b\" data-id=\"3030151b\" data-element_type=\"column\">\n\t\t\t<div class=\"elementor-widget-wrap elementor-element-populated\">\n\t\t\t\t\t\t<div class=\"elementor-element elementor-element-1229e59 elementor-widget elementor-widget-text-editor\" data-id=\"1229e59\" data-element_type=\"widget\" data-widget_type=\"text-editor.default\">\n\t\t\t\t<div class=\"elementor-widget-container\">\n\t\t\t\t\t\t\t\t\t<h2 style=\"text-align: center;\">Afet G\u00fcn\u00fc E\u011fitimi<\/h2><p><img fetchpriority=\"high\" decoding=\"async\" class=\"aligncenter wp-image-1427 size-full\" src=\"http:\/\/www.yanginakademisi.com.tr\/egitim\/wp-content\/uploads\/2023\/09\/acil-durum-tatbikat.jpeg\" alt=\"acil durum tahliye tatbikat\u0131 e\u011fitimi\" width=\"600\" height=\"400\" srcset=\"https:\/\/www.yanginakademisi.com.tr\/egitim\/wp-content\/uploads\/2023\/09\/acil-durum-tatbikat.jpeg 600w, https:\/\/www.yanginakademisi.com.tr\/egitim\/wp-content\/uploads\/2023\/09\/acil-durum-tatbikat-300x200.jpeg 300w\" sizes=\"(max-width: 600px) 100vw, 600px\" \/><\/p><p>E\u011fitim, uygarl\u0131klar\u0131n vazge\u00e7ilmez gereksinimidir. E\u011fitimin amac\u0131, insan ve toplum ya\u015fam\u0131n\u0131 kolayla\u015ft\u0131rmak, g\u00fczelle\u015ftirmek, zenginle\u015ftirmek, iyile\u015ftirmek, ki\u015fiyi ve toplumu mutlu k\u0131lmakt\u0131r. E\u011fitimde at\u0131lan her bir adim, toplumun duyarl\u0131l\u0131k bilincini, yarat\u0131c\u0131l\u0131\u011f\u0131n\u0131, ak\u0131lc\u0131 d\u00fc\u015f\u00fcnme g\u00fcc\u00fcn\u00fc, do\u011fal yeteneklerini ve becerilerini geli\u015ftirmek i\u00e7in gereken g\u00fcc\u00fc art\u0131rmaktad\u0131r. Deprem, yang\u0131n, sel, heyelan, \u00e7\u0131\u011f, tsunami gibi olaylar do\u011fal afetlerdir. Can ve mal kayb\u0131na yol a\u00e7an do\u011fal afetlerden en az zararla kurtulmak i\u00e7in yeterince bilgilenmeliyiz. Do\u011fal afetlerin bir \u00e7o\u011funu engelleyemeyiz ancak ald\u0131\u011f\u0131m\u0131z bilgileri tatbikatlarla peki\u015ftirerek do\u011fal afetlerin zararlar\u0131ndan kurtulabiliriz.<br \/>Do\u011fal afetlerin etkisini azaltmak, kay\u0131plar\u0131 en aza indirmek, toplumun her ferdinin ve her kesimin ku\u015fkusuz iyi bir e\u011fitim almas\u0131 ile m\u00fcmk\u00fcn olacakt\u0131r. Bu, i\u015f yerinde \u00e7al\u0131\u015fanlar\u0131n, okulda \u00e7ocuklar\u0131n ve halk\u0131n bilin\u00e7lendirilmesi, e\u011fitimin t\u00fcm \u00f6\u011felerinin seferber edilmesiyle m\u00fcmk\u00fcn olacakt\u0131r.<\/p><p>\u00a0<\/p><p>\u00a0<\/p><p><strong>\u00dcniversiteli Yang\u0131n Akademisi<\/strong><\/p>\t\t\t\t\t\t\t\t<\/div>\n\t\t\t\t<\/div>\n\t\t\t\t\t<\/div>\n\t\t<\/div>\n\t\t\t\t\t<\/div>\n\t\t<\/section>\n\t\t\t\t<\/div>\n\t\t","protected":false},"excerpt":{"rendered":"<p>Afet E\u011fitimi G\u00fcn\u00fc Afet G\u00fcn\u00fc E\u011fitimi E\u011fitim, uygarl\u0131klar\u0131n vazge\u00e7ilmez gereksinimidir. E\u011fitimin amac\u0131, insan ve toplum ya\u015fam\u0131n\u0131 kolayla\u015ft\u0131rmak, g\u00fczelle\u015ftirmek, zenginle\u015ftirmek, iyile\u015ftirmek, ki\u015fiyi ve toplumu mutlu k\u0131lmakt\u0131r. E\u011fitimde at\u0131lan her bir adim, toplumun duyarl\u0131l\u0131k bilincini, yarat\u0131c\u0131l\u0131\u011f\u0131n\u0131, ak\u0131lc\u0131 d\u00fc\u015f\u00fcnme g\u00fcc\u00fcn\u00fc, do\u011fal yeteneklerini ve becerilerini geli\u015ftirmek i\u00e7in gereken g\u00fcc\u00fc art\u0131rmaktad\u0131r. Deprem, yang\u0131n, sel, heyelan, \u00e7\u0131\u011f, tsunami gibi olaylar do\u011fal [&hellip;]<\/p>\n","protected":false},"author":1,"featured_media":0,"parent":0,"menu_order":0,"comment_status":"closed","ping_status":"closed","template":"elementor_header_footer","meta":{"footnotes":""},"class_list":["post-1748","page","type-page","status-publish","hentry"],"aioseo_notices":[],"acf":[],"_links":{"self":[{"href":"https:\/\/www.yanginakademisi.com.tr\/egitim\/wp-json\/wp\/v2\/pages\/1748","targetHints":{"allow":["GET"]}}],"collection":[{"href":"https:\/\/www.yanginakademisi.com.tr\/egitim\/wp-json\/wp\/v2\/pages"}],"about":[{"href":"https:\/\/www.yanginakademisi.com.tr\/egitim\/wp-json\/wp\/v2\/types\/page"}],"author":[{"embeddable":true,"href":"https:\/\/www.yanginakademisi.com.tr\/egitim\/wp-json\/wp\/v2\/users\/1"}],"replies":[{"embeddable":true,"href":"https:\/\/www.yanginakademisi.com.tr\/egitim\/wp-json\/wp\/v2\/comments?post=1748"}],"version-history":[{"count":24,"href":"https:\/\/www.yanginakademisi.com.tr\/egitim\/wp-json\/wp\/v2\/pages\/1748\/revisions"}],"predecessor-version":[{"id":1816,"href":"https:\/\/www.yanginakademisi.com.tr\/egitim\/wp-json\/wp\/v2\/pages\/1748\/revisions\/1816"}],"wp:attachment":[{"href":"https:\/\/www.yanginakademisi.com.tr\/egitim\/wp-json\/wp\/v2\/media?parent=1748"}],"curies":[{"name":"wp","href":"https:\/\/api.w.org\/{rel}","templated":true}]}}