{"id":1528,"date":"2023-09-26T10:00:11","date_gmt":"2023-09-26T10:00:11","guid":{"rendered":"https:\/\/www.yanginakademisi.com.tr\/egitim\/?page_id=1528"},"modified":"2023-09-26T10:03:52","modified_gmt":"2023-09-26T10:03:52","slug":"hakkimizda","status":"publish","type":"page","link":"https:\/\/www.yanginakademisi.com.tr\/egitim\/hakkimizda\/","title":{"rendered":"Hakk\u0131m\u0131zda"},"content":{"rendered":"\t\t<div data-elementor-type=\"wp-page\" data-elementor-id=\"1528\" class=\"elementor elementor-1528\">\n\t\t\t\t\t\t<section class=\"elementor-section elementor-top-section elementor-element elementor-element-a972801 elementor-section-boxed elementor-section-height-default elementor-section-height-default\" data-id=\"a972801\" data-element_type=\"section\">\n\t\t\t\t\t\t<div class=\"elementor-container elementor-column-gap-default\">\n\t\t\t\t\t<div class=\"elementor-column elementor-col-100 elementor-top-column elementor-element elementor-element-1045fed\" data-id=\"1045fed\" data-element_type=\"column\">\n\t\t\t<div class=\"elementor-widget-wrap elementor-element-populated\">\n\t\t\t\t\t\t<div class=\"elementor-element elementor-element-e2c5e60 elementor-widget elementor-widget-spacer\" data-id=\"e2c5e60\" data-element_type=\"widget\" data-widget_type=\"spacer.default\">\n\t\t\t\t<div class=\"elementor-widget-container\">\n\t\t\t\t\t\t\t<div class=\"elementor-spacer\">\n\t\t\t<div class=\"elementor-spacer-inner\"><\/div>\n\t\t<\/div>\n\t\t\t\t\t\t<\/div>\n\t\t\t\t<\/div>\n\t\t\t\t\t<\/div>\n\t\t<\/div>\n\t\t\t\t\t<\/div>\n\t\t<\/section>\n\t\t\t\t<section class=\"elementor-section elementor-top-section elementor-element elementor-element-3925552 elementor-section-boxed elementor-section-height-default elementor-section-height-default\" data-id=\"3925552\" data-element_type=\"section\" data-settings=\"{&quot;background_background&quot;:&quot;slideshow&quot;,&quot;background_slideshow_gallery&quot;:[],&quot;background_slideshow_loop&quot;:&quot;yes&quot;,&quot;background_slideshow_slide_duration&quot;:5000,&quot;background_slideshow_slide_transition&quot;:&quot;fade&quot;,&quot;background_slideshow_transition_duration&quot;:500}\">\n\t\t\t\t\t\t\t<div class=\"elementor-background-overlay\"><\/div>\n\t\t\t\t\t\t\t<div class=\"elementor-container elementor-column-gap-wider\">\n\t\t\t\t\t<div class=\"elementor-column elementor-col-100 elementor-top-column elementor-element elementor-element-c20ed66\" data-id=\"c20ed66\" data-element_type=\"column\">\n\t\t\t<div class=\"elementor-widget-wrap elementor-element-populated\">\n\t\t\t\t\t\t<div class=\"elementor-element elementor-element-cbf4d66 elementor-widget elementor-widget-text-editor\" data-id=\"cbf4d66\" data-element_type=\"widget\" data-widget_type=\"text-editor.default\">\n\t\t\t\t<div class=\"elementor-widget-container\">\n\t\t\t\t\t\t\t\t\t<h1><strong>Hakk\u0131m\u0131zda<\/strong><\/h1>\t\t\t\t\t\t\t\t<\/div>\n\t\t\t\t<\/div>\n\t\t\t\t\t<\/div>\n\t\t<\/div>\n\t\t\t\t\t<\/div>\n\t\t<\/section>\n\t\t\t\t<section class=\"elementor-section elementor-top-section elementor-element elementor-element-3f8c526 elementor-section-boxed elementor-section-height-default elementor-section-height-default\" data-id=\"3f8c526\" data-element_type=\"section\">\n\t\t\t\t\t\t<div class=\"elementor-container elementor-column-gap-default\">\n\t\t\t\t\t<div class=\"elementor-column elementor-col-100 elementor-top-column elementor-element elementor-element-05bb85e\" data-id=\"05bb85e\" data-element_type=\"column\">\n\t\t\t<div class=\"elementor-widget-wrap elementor-element-populated\">\n\t\t\t\t\t\t<div class=\"elementor-element elementor-element-3f225a1 elementor-widget elementor-widget-text-editor\" data-id=\"3f225a1\" data-element_type=\"widget\" data-widget_type=\"text-editor.default\">\n\t\t\t\t<div class=\"elementor-widget-container\">\n\t\t\t\t\t\t\t\t\t<h4><strong>H\u0130KAYEM\u0130Z<\/strong><\/h4><p><br \/><strong>T\u00fcrkiye\u2019nin ilk yang\u0131n g\u00fcvenli\u011fi mezunlar\u0131 olarak \u00e7\u0131kt\u0131\u011f\u0131m\u0131z bu ser\u00fcvende, bir\u00e7ok firma \u00e7at\u0131s\u0131 alt\u0131nda on <\/strong><strong>binlerce ki\u015fi ve kuruma verdi\u011fimiz e\u011fitim hizmetlerini, ileti\u015fim odakl\u0131, m\u00fckemmeliyet\u00e7i ve ekip ruhu <\/strong><strong>ile al\u0131\u015fagelmi\u015f \u015fekilde sadece e\u011fitim sunmak de\u011fil kurumlar\u0131n hedeflerine ula\u015fmas\u0131na destek olmak <\/strong><strong>i\u00e7in 2023 y\u0131l\u0131nda firmam\u0131z\u0131 kurduk. \u00dcniversiteli Yang\u0131n Akademisi olarak Yang\u0131n g\u00fcvenli\u011fi sekt\u00f6r\u00fcnde <\/strong><strong>gen\u00e7, dinamik, \u00fcniversite e\u011fitimine ve bir alayl\u0131 itfaiyeci tecr\u00fcbesine sahip olmam\u0131z yeni nesil <\/strong><strong>e\u011fitimcilik anlay\u0131\u015f\u0131m\u0131z ile birle\u015fti\u011finde sekt\u00f6r\u00fcn aranan oyuncusu olaca\u011f\u0131m\u0131za inanc\u0131m\u0131z tam olarak <\/strong><strong>ilerlemekteyiz. \u00c7\u00f6z\u00fcm odakl\u0131 yap\u0131m\u0131z ile e\u011fitim konusunda her t\u00fcrl\u00fc ihtiyaca y\u00f6nelik y\u00fcz y\u00fcze ve <\/strong><strong>\u00e7evrimi\u00e7i e\u011fitimleri merkezden ya da b\u00f6lgelerde bulunan e\u011fitim sorumlular\u0131m\u0131zla h\u0131zl\u0131, kaliteli ve <\/strong><strong>ekonomik e\u011fitimler sunuyoruz. Alan\u0131nda mesleki yeterlili\u011fe sahip kendini ispatlam\u0131\u015f yang\u0131n g\u00fcvenli\u011fi <\/strong><strong>uzman\u0131 e\u011fitmenlerimiz ile insan odakl\u0131 e\u011fitimler vererek acil durum e\u011fitimlerinin firmalar\u0131n zorunlu <\/strong><strong>almas\u0131 gereken e\u011fitimler kavram\u0131ndan \u00e7\u0131kararak fark\u0131ndal\u0131k olu\u015fturup ya\u015fam boyu e\u011fitim k\u00fclt\u00fcr\u00fc <\/strong><strong>olarak s\u00fcrd\u00fcr\u00fclebilir olmas\u0131 gerekti\u011fini d\u00fc\u015f\u00fcn\u00fcyoruz.<\/strong><\/p>\t\t\t\t\t\t\t\t<\/div>\n\t\t\t\t<\/div>\n\t\t\t\t\t<\/div>\n\t\t<\/div>\n\t\t\t\t\t<\/div>\n\t\t<\/section>\n\t\t\t\t<\/div>\n\t\t","protected":false},"excerpt":{"rendered":"<p>Hakk\u0131m\u0131zda H\u0130KAYEM\u0130Z T\u00fcrkiye\u2019nin ilk yang\u0131n g\u00fcvenli\u011fi mezunlar\u0131 olarak \u00e7\u0131kt\u0131\u011f\u0131m\u0131z bu ser\u00fcvende, bir\u00e7ok firma \u00e7at\u0131s\u0131 alt\u0131nda on binlerce ki\u015fi ve kuruma verdi\u011fimiz e\u011fitim hizmetlerini, ileti\u015fim odakl\u0131, m\u00fckemmeliyet\u00e7i ve ekip ruhu ile al\u0131\u015fagelmi\u015f \u015fekilde sadece e\u011fitim sunmak de\u011fil kurumlar\u0131n hedeflerine ula\u015fmas\u0131na destek olmak i\u00e7in 2023 y\u0131l\u0131nda firmam\u0131z\u0131 kurduk. \u00dcniversiteli Yang\u0131n Akademisi olarak Yang\u0131n g\u00fcvenli\u011fi sekt\u00f6r\u00fcnde gen\u00e7, dinamik, [&hellip;]<\/p>\n","protected":false},"author":1,"featured_media":0,"parent":0,"menu_order":0,"comment_status":"closed","ping_status":"closed","template":"elementor_header_footer","meta":{"footnotes":""},"class_list":["post-1528","page","type-page","status-publish","hentry"],"aioseo_notices":[],"acf":[],"_links":{"self":[{"href":"https:\/\/www.yanginakademisi.com.tr\/egitim\/wp-json\/wp\/v2\/pages\/1528","targetHints":{"allow":["GET"]}}],"collection":[{"href":"https:\/\/www.yanginakademisi.com.tr\/egitim\/wp-json\/wp\/v2\/pages"}],"about":[{"href":"https:\/\/www.yanginakademisi.com.tr\/egitim\/wp-json\/wp\/v2\/types\/page"}],"author":[{"embeddable":true,"href":"https:\/\/www.yanginakademisi.com.tr\/egitim\/wp-json\/wp\/v2\/users\/1"}],"replies":[{"embeddable":true,"href":"https:\/\/www.yanginakademisi.com.tr\/egitim\/wp-json\/wp\/v2\/comments?post=1528"}],"version-history":[{"count":4,"href":"https:\/\/www.yanginakademisi.com.tr\/egitim\/wp-json\/wp\/v2\/pages\/1528\/revisions"}],"predecessor-version":[{"id":1532,"href":"https:\/\/www.yanginakademisi.com.tr\/egitim\/wp-json\/wp\/v2\/pages\/1528\/revisions\/1532"}],"wp:attachment":[{"href":"https:\/\/www.yanginakademisi.com.tr\/egitim\/wp-json\/wp\/v2\/media?parent=1528"}],"curies":[{"name":"wp","href":"https:\/\/api.w.org\/{rel}","templated":true}]}}