{"id":1520,"date":"2023-09-26T09:52:17","date_gmt":"2023-09-26T09:52:17","guid":{"rendered":"https:\/\/www.yanginakademisi.com.tr\/egitim\/?page_id=1520"},"modified":"2023-09-26T09:56:55","modified_gmt":"2023-09-26T09:56:55","slug":"vizyonumuz","status":"publish","type":"page","link":"https:\/\/www.yanginakademisi.com.tr\/egitim\/vizyonumuz\/","title":{"rendered":"Vizyonumuz"},"content":{"rendered":"\t\t<div data-elementor-type=\"wp-page\" data-elementor-id=\"1520\" class=\"elementor elementor-1520\">\n\t\t\t\t\t\t<section class=\"elementor-section elementor-top-section elementor-element elementor-element-291a9d8 elementor-section-boxed elementor-section-height-default elementor-section-height-default\" data-id=\"291a9d8\" data-element_type=\"section\">\n\t\t\t\t\t\t<div class=\"elementor-container elementor-column-gap-default\">\n\t\t\t\t\t<div class=\"elementor-column elementor-col-100 elementor-top-column elementor-element elementor-element-f9d6a2b\" data-id=\"f9d6a2b\" data-element_type=\"column\">\n\t\t\t<div class=\"elementor-widget-wrap elementor-element-populated\">\n\t\t\t\t\t\t<div class=\"elementor-element elementor-element-262b83a elementor-widget elementor-widget-spacer\" data-id=\"262b83a\" data-element_type=\"widget\" data-widget_type=\"spacer.default\">\n\t\t\t\t<div class=\"elementor-widget-container\">\n\t\t\t\t\t\t\t<div class=\"elementor-spacer\">\n\t\t\t<div class=\"elementor-spacer-inner\"><\/div>\n\t\t<\/div>\n\t\t\t\t\t\t<\/div>\n\t\t\t\t<\/div>\n\t\t\t\t\t<\/div>\n\t\t<\/div>\n\t\t\t\t\t<\/div>\n\t\t<\/section>\n\t\t\t\t<section class=\"elementor-section elementor-top-section elementor-element elementor-element-90f0446 elementor-section-boxed elementor-section-height-default elementor-section-height-default\" data-id=\"90f0446\" data-element_type=\"section\" data-settings=\"{&quot;background_background&quot;:&quot;slideshow&quot;,&quot;background_slideshow_gallery&quot;:[],&quot;background_slideshow_loop&quot;:&quot;yes&quot;,&quot;background_slideshow_slide_duration&quot;:5000,&quot;background_slideshow_slide_transition&quot;:&quot;fade&quot;,&quot;background_slideshow_transition_duration&quot;:500}\">\n\t\t\t\t\t\t\t<div class=\"elementor-background-overlay\"><\/div>\n\t\t\t\t\t\t\t<div class=\"elementor-container elementor-column-gap-wider\">\n\t\t\t\t\t<div class=\"elementor-column elementor-col-100 elementor-top-column elementor-element elementor-element-57f7da1\" data-id=\"57f7da1\" data-element_type=\"column\">\n\t\t\t<div class=\"elementor-widget-wrap elementor-element-populated\">\n\t\t\t\t\t\t<div class=\"elementor-element elementor-element-1c644db elementor-widget elementor-widget-text-editor\" data-id=\"1c644db\" data-element_type=\"widget\" data-widget_type=\"text-editor.default\">\n\t\t\t\t<div class=\"elementor-widget-container\">\n\t\t\t\t\t\t\t\t\t<h1><strong>Vizyonumuz ve Misyonumuz<\/strong><\/h1>\t\t\t\t\t\t\t\t<\/div>\n\t\t\t\t<\/div>\n\t\t\t\t\t<\/div>\n\t\t<\/div>\n\t\t\t\t\t<\/div>\n\t\t<\/section>\n\t\t\t\t<section class=\"elementor-section elementor-top-section elementor-element elementor-element-cd431b0 elementor-section-boxed elementor-section-height-default elementor-section-height-default\" data-id=\"cd431b0\" data-element_type=\"section\">\n\t\t\t\t\t\t<div class=\"elementor-container elementor-column-gap-default\">\n\t\t\t\t\t<div class=\"elementor-column elementor-col-100 elementor-top-column elementor-element elementor-element-870c42a\" data-id=\"870c42a\" data-element_type=\"column\">\n\t\t\t<div class=\"elementor-widget-wrap elementor-element-populated\">\n\t\t\t\t\t\t<div class=\"elementor-element elementor-element-e85f117 elementor-widget elementor-widget-text-editor\" data-id=\"e85f117\" data-element_type=\"widget\" data-widget_type=\"text-editor.default\">\n\t\t\t\t<div class=\"elementor-widget-container\">\n\t\t\t\t\t\t\t\t\t<p><strong>V\u0130ZYONUMUZ<\/strong><\/p><p><br \/><strong>\u00dcniversitelerin itfaiyecilik ve Yang\u0131n G\u00fcvenli\u011fi B\u00f6l\u00fcmlerinden mezun mesleki yeterlili\u011fe sahip kendini <\/strong><strong>ispatlam\u0131\u015f yang\u0131n g\u00fcvenli\u011fi uzman\u0131 ortaklar\u0131m\u0131z\/e\u011fitmenlerimizle ba\u015fta \u0130stanbul olmak \u00fczere t\u00fcm <\/strong><strong>T\u00fcrkiyede ayn\u0131 standart ve kalitede e\u011fitim sunmak.<\/strong><\/p><p>\u00a0<\/p><p><strong>M\u0130SYONUMUZ<\/strong><\/p><p><br \/><strong>E\u011fitmen ortaklar\u0131m\u0131zla y\u0131llar\u0131n verdi\u011fi tecr\u00fcbeyi bulu\u015fturdu\u011fumuz \u00dcniversiteli Yang\u0131n Akademisi <\/strong><strong>olarak; \u015firketlerin b\u00fct\u00e7e dostu olmay\u0131 misyon edinip \u00e7al\u0131\u015fanlar\u0131n almas\u0131 gereken zorunlu e\u011fitimlerini <\/strong><strong>tamamlamak ve ayn\u0131 zamanda hayat boyu \u00f6\u011frenme yakla\u015f\u0131m\u0131 ile kar\u015f\u0131la\u015fabilece\u011fimiz ba\u015fta yang\u0131n, <\/strong><strong>deprem, sel vb. afetlerde do\u011fru davran\u0131\u015f bilincini olu\u015fturmak..<\/strong><\/p>\t\t\t\t\t\t\t\t<\/div>\n\t\t\t\t<\/div>\n\t\t\t\t\t<\/div>\n\t\t<\/div>\n\t\t\t\t\t<\/div>\n\t\t<\/section>\n\t\t\t\t<\/div>\n\t\t","protected":false},"excerpt":{"rendered":"<p>Vizyonumuz ve Misyonumuz V\u0130ZYONUMUZ \u00dcniversitelerin itfaiyecilik ve Yang\u0131n G\u00fcvenli\u011fi B\u00f6l\u00fcmlerinden mezun mesleki yeterlili\u011fe sahip kendini ispatlam\u0131\u015f yang\u0131n g\u00fcvenli\u011fi uzman\u0131 ortaklar\u0131m\u0131z\/e\u011fitmenlerimizle ba\u015fta \u0130stanbul olmak \u00fczere t\u00fcm T\u00fcrkiyede ayn\u0131 standart ve kalitede e\u011fitim sunmak. \u00a0 M\u0130SYONUMUZ E\u011fitmen ortaklar\u0131m\u0131zla y\u0131llar\u0131n verdi\u011fi tecr\u00fcbeyi bulu\u015fturdu\u011fumuz \u00dcniversiteli Yang\u0131n Akademisi olarak; \u015firketlerin b\u00fct\u00e7e dostu olmay\u0131 misyon edinip \u00e7al\u0131\u015fanlar\u0131n almas\u0131 gereken zorunlu e\u011fitimlerini [&hellip;]<\/p>\n","protected":false},"author":1,"featured_media":0,"parent":0,"menu_order":0,"comment_status":"closed","ping_status":"closed","template":"elementor_header_footer","meta":{"footnotes":""},"class_list":["post-1520","page","type-page","status-publish","hentry"],"aioseo_notices":[],"acf":[],"_links":{"self":[{"href":"https:\/\/www.yanginakademisi.com.tr\/egitim\/wp-json\/wp\/v2\/pages\/1520","targetHints":{"allow":["GET"]}}],"collection":[{"href":"https:\/\/www.yanginakademisi.com.tr\/egitim\/wp-json\/wp\/v2\/pages"}],"about":[{"href":"https:\/\/www.yanginakademisi.com.tr\/egitim\/wp-json\/wp\/v2\/types\/page"}],"author":[{"embeddable":true,"href":"https:\/\/www.yanginakademisi.com.tr\/egitim\/wp-json\/wp\/v2\/users\/1"}],"replies":[{"embeddable":true,"href":"https:\/\/www.yanginakademisi.com.tr\/egitim\/wp-json\/wp\/v2\/comments?post=1520"}],"version-history":[{"count":7,"href":"https:\/\/www.yanginakademisi.com.tr\/egitim\/wp-json\/wp\/v2\/pages\/1520\/revisions"}],"predecessor-version":[{"id":1527,"href":"https:\/\/www.yanginakademisi.com.tr\/egitim\/wp-json\/wp\/v2\/pages\/1520\/revisions\/1527"}],"wp:attachment":[{"href":"https:\/\/www.yanginakademisi.com.tr\/egitim\/wp-json\/wp\/v2\/media?parent=1520"}],"curies":[{"name":"wp","href":"https:\/\/api.w.org\/{rel}","templated":true}]}}